{"id":7188,"date":"2019-10-29T17:06:10","date_gmt":"2019-10-29T16:06:10","guid":{"rendered":"https:\/\/presbytie-lasik.fr\/?page_id=7188"},"modified":"2019-10-29T17:06:10","modified_gmt":"2019-10-29T16:06:10","slug":"typ-suitability-self-test","status":"publish","type":"page","link":"https:\/\/presbytie-lasik.fr\/en\/typ-suitability-self-test\/","title":{"rendered":"TYP: suitability self-test"},"content":{"rendered":"<p><div class=\"fusion-fullwidth fullwidth-box fusion-builder-row-1 fusion-parallax-none hundred-percent-fullwidth non-hundred-percent-height-scrolling lazyload\" style=\"--awb-border-radius-top-left:0px;--awb-border-radius-top-right:0px;--awb-border-radius-bottom-right:0px;--awb-border-radius-bottom-left:0px;--awb-padding-top:120px;--awb-padding-right:10px;--awb-padding-left:70px;--awb-margin-top:0px;--awb-background-size:cover;--awb-flex-wrap:wrap;\" data-bg=\"https:\/\/presbytie-lasik.fr\/wp-content\/uploads\/2018\/06\/cliniq-de-la-vision-paris-treatment-page.jpg\" ><div class=\"fusion-builder-row fusion-row\"><div class=\"fusion-layout-column fusion_builder_column fusion-builder-column-0 fusion_builder_column_2_3 2_3 fusion-two-third fusion-column-first\" style=\"--awb-padding-top:10px;--awb-padding-right:25px;--awb-padding-left:25px;--awb-bg-color:rgba(68,134,143,0.57);--awb-bg-color-hover:rgba(68,134,143,0.57);--awb-bg-size:cover;width:66.666666666667%;width:calc(66.666666666667% - ( ( 4% ) * 0.66666666666667 ) );margin-right: 4%;\"><div class=\"fusion-column-wrapper fusion-flex-column-wrapper-legacy\"><div class=\"fusion-text fusion-text-1\"><h1>Thanks for your request<\/h1>\n<h4><span style=\"color: #ffffff;\">We&#8217;ve received your request and will contact you once the self-test is available<\/span><\/h4>\n<\/div><div class=\"fusion-sep-clear\"><\/div><div class=\"fusion-separator fusion-full-width-sep\" style=\"margin-left: auto;margin-right: auto;margin-bottom:10px;width:100%;\"><\/div><div class=\"fusion-sep-clear\"><\/div><div class=\"fusion-builder-row fusion-builder-row-inner fusion-row\"><div class=\"fusion-layout-column fusion_builder_column_inner fusion-builder-nested-column-0 fusion_builder_column_inner_1_2 1_2 fusion-one-half fusion-column-first\" style=\"--awb-bg-size:cover;width:50%;width:calc(50% - ( ( 4% ) * 0.5 ) );margin-right: 4%;\"><div class=\"fusion-column-wrapper fusion-flex-column-wrapper-legacy\"><div class=\"fusion-button-wrapper\"><a class=\"fusion-button button-flat button-xlarge button-default fusion-button-default button-1 fusion-button-span-no fusion-button-default-type\" style=\"--button_text_transform:uppercase;\" target=\"_self\" href=\"book-an-appointment\/\"><span class=\"fusion-button-text awb-button__text awb-button__text--default\">BOOK AN APPOINTMENT<\/span><\/a><\/div><div class=\"fusion-clearfix\"><\/div><\/div><\/div><\/div><div class=\"fusion-clearfix\"><\/div><\/div><\/div><\/div><\/div><div class=\"fusion-fullwidth fullwidth-box fusion-builder-row-2 nonhundred-percent-fullwidth non-hundred-percent-height-scrolling\" style=\"--awb-border-radius-top-left:0px;--awb-border-radius-top-right:0px;--awb-border-radius-bottom-right:0px;--awb-border-radius-bottom-left:0px;--awb-padding-top:40px;--awb-padding-bottom:40px;--awb-background-color:#d7c7cf;--awb-flex-wrap:wrap;\" ><div class=\"fusion-builder-row fusion-row\"><div class=\"fusion-layout-column fusion_builder_column fusion-builder-column-1 fusion_builder_column_1_1 1_1 fusion-one-full fusion-column-first fusion-column-last\" style=\"--awb-bg-size:cover;\"><div class=\"fusion-column-wrapper fusion-column-has-shadow fusion-flex-column-wrapper-legacy\"><div class=\"fusion-text fusion-text-2\"><h2 style=\"text-align: center;\"><span style=\"color: #ffffff;\">Let&#8217;s find out if you are suitable for laser eye surgery<\/span><\/h2>\n<h5 style=\"text-align: center;\"><span style=\"color: #ffffff;\">We&#8217;ll be in touch with you once the self-test is available<\/span><\/h5>\n<\/div><div class=\"fusion-clearfix\"><\/div><\/div><\/div><\/div><\/div><div class=\"fusion-fullwidth fullwidth-box fusion-builder-row-3 hundred-percent-fullwidth non-hundred-percent-height-scrolling\" style=\"--awb-border-radius-top-left:0px;--awb-border-radius-top-right:0px;--awb-border-radius-bottom-right:0px;--awb-border-radius-bottom-left:0px;--awb-padding-left:60px;--awb-flex-wrap:wrap;\" ><div class=\"fusion-builder-row fusion-row\"><div class=\"fusion-layout-column fusion_builder_column fusion-builder-column-2 fusion_builder_column_1_1 1_1 fusion-one-full fusion-column-first fusion-column-last\" style=\"--awb-bg-size:cover;\"><div class=\"fusion-column-wrapper fusion-flex-column-wrapper-legacy\"><div class=\"fusion-sep-clear\"><\/div><div class=\"fusion-separator fusion-full-width-sep\" style=\"margin-left: auto;margin-right: auto;margin-top:15px;margin-bottom:15px;width:100%;\"><\/div><div class=\"fusion-sep-clear\"><\/div><div class=\"fusion-text fusion-text-3\"><h2>Our latest blog posts<\/h2>\n<\/div><div class=\"fusion-sep-clear\"><\/div><div class=\"fusion-separator fusion-full-width-sep\" style=\"margin-left: auto;margin-right: auto;margin-top:10px;margin-bottom:10px;width:100%;\"><\/div><div class=\"fusion-sep-clear\"><\/div><div class=\"fusion-recent-posts fusion-recent-posts-1 avada-container layout-default layout-columns-3\"><section class=\"fusion-columns columns fusion-columns-3 columns-3\"><article class=\"post fusion-column column col col-lg-4 col-md-4 col-sm-4\"><div class=\"fusion-flexslider fusion-flexslider-loading flexslider flexslider-hover-type-none\"><ul class=\"slides\"><li><a href=\"https:\/\/presbytie-lasik.fr\/en\/une-vie-transformee-le-temoignage-de-letizia-sur-la-chirurgie-refractive-au-laser\/\" aria-label=\"Une vie transform\u00e9e : le t\u00e9moignage de Letizia sur la chirurgie r\u00e9fractive au laser\" class=\"hover-type-none\"><img decoding=\"async\" width=\"700\" height=\"441\" src=\"https:\/\/presbytie-lasik.fr\/wp-content\/uploads\/2023\/06\/Une-vie-transformee-le-temoignage-de-Letizia-sur-la-chirurgie-refractive-au-laser-Presbytie-Lasik-Catherine-Albou-Ganem-Paris-700x441.jpg\" class=\"attachment-recent-posts size-recent-posts lazyload\" alt=\"\" srcset=\"data:image\/svg+xml,%3Csvg%20xmlns%3D%27http%3A%2F%2Fwww.w3.org%2F2000%2Fsvg%27%20width%3D%27950%27%20height%3D%27534%27%20viewBox%3D%270%200%20950%20534%27%3E%3Crect%20width%3D%27950%27%20height%3D%27534%27%20fill-opacity%3D%220%22%2F%3E%3C%2Fsvg%3E\" data-orig-src=\"https:\/\/presbytie-lasik.fr\/wp-content\/uploads\/2023\/06\/Une-vie-transformee-le-temoignage-de-Letizia-sur-la-chirurgie-refractive-au-laser-Presbytie-Lasik-Catherine-Albou-Ganem-Paris-700x441.jpg\" data-srcset=\"https:\/\/presbytie-lasik.fr\/wp-content\/uploads\/2023\/06\/Une-vie-transformee-le-temoignage-de-Letizia-sur-la-chirurgie-refractive-au-laser-Presbytie-Lasik-Catherine-Albou-Ganem-Paris-320x202.jpg 320w, https:\/\/presbytie-lasik.fr\/wp-content\/uploads\/2023\/06\/Une-vie-transformee-le-temoignage-de-Letizia-sur-la-chirurgie-refractive-au-laser-Presbytie-Lasik-Catherine-Albou-Ganem-Paris-700x441.jpg 700w\" data-sizes=\"auto\" \/><\/a><\/li><\/ul><\/div><div class=\"recent-posts-content\"><span class=\"vcard\" style=\"display: none;\"><span class=\"fn\"><a href=\"https:\/\/presbytie-lasik.fr\/en\/author\/catherine-albou-ganem\/\" title=\"Posts by Catherine Albou-Ganem\" rel=\"author\">Catherine Albou-Ganem<\/a><\/span><\/span><span class=\"updated\" style=\"display:none;\">2023-08-26T08:01:53+01:00<\/span><h4 class=\"entry-title\"><a href=\"https:\/\/presbytie-lasik.fr\/en\/une-vie-transformee-le-temoignage-de-letizia-sur-la-chirurgie-refractive-au-laser\/\">Une vie transform\u00e9e : le t\u00e9moignage de Letizia sur la chirurgie r\u00e9fractive au laser<\/a><\/h4><p class=\"meta\"><span class=\"vcard\" style=\"display: none;\"><span class=\"fn\"><a href=\"https:\/\/presbytie-lasik.fr\/en\/author\/catherine-albou-ganem\/\" title=\"Posts by Catherine Albou-Ganem\" rel=\"author\">Catherine Albou-Ganem<\/a><\/span><\/span><span class=\"updated\" style=\"display:none;\">2023-08-26T08:01:53+01:00<\/span><span>June 27th, 2023<\/span><span class=\"fusion-inline-sep\">|<\/span><span class=\"fusion-comments\"><span>Comments Off<span class=\"screen-reader-text\"> on Une vie transform\u00e9e : le t\u00e9moignage de Letizia sur la chirurgie r\u00e9fractive au laser<\/span><\/span><\/span><\/p><p>Dans notre dernier blog, vous d\u00e9couvrirez l'incroyable impact de la chirurgie oculaire au laser sur la vie de Letizia, professeure de musique et chanteuse. L'histoire de Letizia vous inspirera \u00e0 explorer les possibilit\u00e9s de la chirurgie r\u00e9fractive au laser. Ne manquez pas ce t\u00e9moignage qui d\u00e9voile sa lib\u00e9ration. Regardez et lisez et commencez votre propre voyage vers l\u2019affranchissement de votre correction lunettes ou lentilles !<\/p><\/div><\/article><article class=\"post fusion-column column col col-lg-4 col-md-4 col-sm-4\"><div class=\"fusion-flexslider fusion-flexslider-loading flexslider flexslider-hover-type-none\"><ul class=\"slides\"><li><a href=\"https:\/\/presbytie-lasik.fr\/en\/quel-est-le-degre-de-votre-myopie\/\" aria-label=\"Quel est le degr\u00e9 de votre myopie?\" class=\"hover-type-none\"><img decoding=\"async\" width=\"700\" height=\"441\" src=\"https:\/\/presbytie-lasik.fr\/wp-content\/uploads\/2023\/05\/Quel-est-le-degre-de-votre-myopie-Presbytie-Lasik-Catherine-Albou-Ganem-Paris-700x441.jpg\" class=\"attachment-recent-posts size-recent-posts lazyload\" alt=\"\" srcset=\"data:image\/svg+xml,%3Csvg%20xmlns%3D%27http%3A%2F%2Fwww.w3.org%2F2000%2Fsvg%27%20width%3D%27950%27%20height%3D%27534%27%20viewBox%3D%270%200%20950%20534%27%3E%3Crect%20width%3D%27950%27%20height%3D%27534%27%20fill-opacity%3D%220%22%2F%3E%3C%2Fsvg%3E\" data-orig-src=\"https:\/\/presbytie-lasik.fr\/wp-content\/uploads\/2023\/05\/Quel-est-le-degre-de-votre-myopie-Presbytie-Lasik-Catherine-Albou-Ganem-Paris-700x441.jpg\" data-srcset=\"https:\/\/presbytie-lasik.fr\/wp-content\/uploads\/2023\/05\/Quel-est-le-degre-de-votre-myopie-Presbytie-Lasik-Catherine-Albou-Ganem-Paris-320x202.jpg 320w, https:\/\/presbytie-lasik.fr\/wp-content\/uploads\/2023\/05\/Quel-est-le-degre-de-votre-myopie-Presbytie-Lasik-Catherine-Albou-Ganem-Paris-700x441.jpg 700w\" data-sizes=\"auto\" \/><\/a><\/li><\/ul><\/div><div class=\"recent-posts-content\"><span class=\"vcard\" style=\"display: none;\"><span class=\"fn\"><a href=\"https:\/\/presbytie-lasik.fr\/en\/author\/catherine-albou-ganem\/\" title=\"Posts by Catherine Albou-Ganem\" rel=\"author\">Catherine Albou-Ganem<\/a><\/span><\/span><span class=\"updated\" style=\"display:none;\">2023-08-26T08:07:00+01:00<\/span><h4 class=\"entry-title\"><a href=\"https:\/\/presbytie-lasik.fr\/en\/quel-est-le-degre-de-votre-myopie\/\">Quel est le degr\u00e9 de votre myopie?<\/a><\/h4><p class=\"meta\"><span class=\"vcard\" style=\"display: none;\"><span class=\"fn\"><a href=\"https:\/\/presbytie-lasik.fr\/en\/author\/catherine-albou-ganem\/\" title=\"Posts by Catherine Albou-Ganem\" rel=\"author\">Catherine Albou-Ganem<\/a><\/span><\/span><span class=\"updated\" style=\"display:none;\">2023-08-26T08:07:00+01:00<\/span><span>May 30th, 2023<\/span><span class=\"fusion-inline-sep\">|<\/span><span class=\"fusion-comments\"><span>Comments Off<span class=\"screen-reader-text\"> on Quel est le degr\u00e9 de votre myopie?<\/span><\/span><\/span><\/p><p>Rencontrez-vous des difficult\u00e9s avec votre vision? Est-elle floue de loin ? Souhaitez-vous savoir comment votre myopie affecte votre vision selon sa puissance ? Consultez notre derni\u00e8re publication sur le  blog pour en savoir plus sur les causes, les sympt\u00f4mes et les options disponibles pour am\u00e9liorer votre vision en corrigeant les d\u00e9fauts de vision.<\/p><\/div><\/article><article class=\"post fusion-column column col col-lg-4 col-md-4 col-sm-4\"><div class=\"fusion-flexslider fusion-flexslider-loading flexslider flexslider-hover-type-none\"><ul class=\"slides\"><li><a href=\"https:\/\/presbytie-lasik.fr\/en\/que-ressentent-les-patients-apres-une-chirurgie-par-lasik\/\" aria-label=\"Que ressentent les patients apr\u00e8s une chirurgie par LASIK?\" class=\"hover-type-none\"><img decoding=\"async\" width=\"700\" height=\"441\" src=\"https:\/\/presbytie-lasik.fr\/wp-content\/uploads\/2021\/11\/Que-ressentent-les-patients-apre\u0300s-une-chirurgie-par-LASIK-Presbytie-Lasik-Catherine-Albou-Ganem-Paris-700x441.jpg\" class=\"attachment-recent-posts size-recent-posts lazyload\" alt=\"\" srcset=\"data:image\/svg+xml,%3Csvg%20xmlns%3D%27http%3A%2F%2Fwww.w3.org%2F2000%2Fsvg%27%20width%3D%27800%27%20height%3D%27450%27%20viewBox%3D%270%200%20800%20450%27%3E%3Crect%20width%3D%27800%27%20height%3D%27450%27%20fill-opacity%3D%220%22%2F%3E%3C%2Fsvg%3E\" data-orig-src=\"https:\/\/presbytie-lasik.fr\/wp-content\/uploads\/2021\/11\/Que-ressentent-les-patients-apre\u0300s-une-chirurgie-par-LASIK-Presbytie-Lasik-Catherine-Albou-Ganem-Paris-700x441.jpg\" data-srcset=\"https:\/\/presbytie-lasik.fr\/wp-content\/uploads\/2021\/11\/Que-ressentent-les-patients-apre\u0300s-une-chirurgie-par-LASIK-Presbytie-Lasik-Catherine-Albou-Ganem-Paris-320x202.jpg 320w, https:\/\/presbytie-lasik.fr\/wp-content\/uploads\/2021\/11\/Que-ressentent-les-patients-apre\u0300s-une-chirurgie-par-LASIK-Presbytie-Lasik-Catherine-Albou-Ganem-Paris-700x441.jpg 700w\" data-sizes=\"auto\" \/><\/a><\/li><\/ul><\/div><div class=\"recent-posts-content\"><span class=\"vcard\" style=\"display: none;\"><span class=\"fn\"><a href=\"https:\/\/presbytie-lasik.fr\/en\/author\/catherine-albou-ganem\/\" title=\"Posts by Catherine Albou-Ganem\" rel=\"author\">Catherine Albou-Ganem<\/a><\/span><\/span><span class=\"updated\" style=\"display:none;\">2023-08-26T07:55:11+01:00<\/span><h4 class=\"entry-title\"><a href=\"https:\/\/presbytie-lasik.fr\/en\/que-ressentent-les-patients-apres-une-chirurgie-par-lasik\/\">Que ressentent les patients apr\u00e8s une chirurgie par LASIK?<\/a><\/h4><p class=\"meta\"><span class=\"vcard\" style=\"display: none;\"><span class=\"fn\"><a href=\"https:\/\/presbytie-lasik.fr\/en\/author\/catherine-albou-ganem\/\" title=\"Posts by Catherine Albou-Ganem\" rel=\"author\">Catherine Albou-Ganem<\/a><\/span><\/span><span class=\"updated\" style=\"display:none;\">2023-08-26T07:55:11+01:00<\/span><span>May 22nd, 2023<\/span><span class=\"fusion-inline-sep\">|<\/span><span class=\"fusion-comments\"><span>Comments Off<span class=\"screen-reader-text\"> on Que ressentent les patients apr\u00e8s une chirurgie par LASIK?<\/span><\/span><\/span><\/p><p>Vous voulez savoir comment vous vous sentirez apr\u00e8s le LASIK ?\r\n Dites adieu aux verres correcteurs gr\u00e2ce \u00e0 la chirurgie LASIK. R\u00e9tablissez votre vision en toute s\u00e9curit\u00e9 et efficacement. <\/p><\/div><\/article><\/section><\/div><div class=\"fusion-clearfix\"><\/div><\/div><\/div><\/div><\/div><\/p>\n","protected":false},"excerpt":{"rendered":"","protected":false},"author":1,"featured_media":0,"parent":0,"menu_order":0,"comment_status":"closed","ping_status":"closed","template":"100-width.php","meta":{"footnotes":""},"class_list":["post-7188","page","type-page","status-publish","hentry"],"yoast_head":"<!-- This site is optimized with the Yoast SEO Premium plugin v27.3 (Yoast SEO v27.3) - https:\/\/yoast.com\/product\/yoast-seo-premium-wordpress\/ -->\n<title>TYP: suitability self-test - Catherine Albou-Ganem<\/title>\n<meta name=\"robots\" content=\"index, follow, max-snippet:-1, max-image-preview:large, max-video-preview:-1\" \/>\n<link rel=\"canonical\" href=\"https:\/\/presbytie-lasik.fr\/en\/typ-suitability-self-test\/\" \/>\n<meta property=\"og:locale\" content=\"en_GB\" \/>\n<meta property=\"og:type\" content=\"article\" \/>\n<meta property=\"og:title\" content=\"TYP: suitability self-test\" \/>\n<meta property=\"og:url\" content=\"https:\/\/presbytie-lasik.fr\/en\/typ-suitability-self-test\/\" \/>\n<meta property=\"og:site_name\" content=\"Catherine Albou-Ganem\" \/>\n<meta property=\"article:publisher\" content=\"https:\/\/www.facebook.com\/CatherineAlbouGanem\/\" \/>\n<meta property=\"og:image\" content=\"https:\/\/presbytie-lasik.fr\/wp-content\/uploads\/2024\/07\/Screenshot-2024-07-17-at-12.14.47-1024x554.png\" \/>\n\t<meta property=\"og:image:width\" content=\"1024\" \/>\n\t<meta property=\"og:image:height\" content=\"554\" \/>\n\t<meta property=\"og:image:type\" content=\"image\/png\" \/>\n<meta name=\"twitter:card\" content=\"summary_large_image\" \/>\n<meta name=\"twitter:site\" content=\"@CatiGanem\" \/>\n<meta name=\"twitter:label1\" content=\"Estimated reading time\" \/>\n\t<meta name=\"twitter:data1\" content=\"6 minutes\" \/>\n<!-- \/ Yoast SEO Premium plugin. -->","yoast_head_json":{"title":"TYP: suitability self-test - Catherine Albou-Ganem","robots":{"index":"index","follow":"follow","max-snippet":"max-snippet:-1","max-image-preview":"max-image-preview:large","max-video-preview":"max-video-preview:-1"},"canonical":"https:\/\/presbytie-lasik.fr\/en\/typ-suitability-self-test\/","og_locale":"en_GB","og_type":"article","og_title":"TYP: suitability self-test","og_url":"https:\/\/presbytie-lasik.fr\/en\/typ-suitability-self-test\/","og_site_name":"Catherine Albou-Ganem","article_publisher":"https:\/\/www.facebook.com\/CatherineAlbouGanem\/","og_image":[{"width":1024,"height":554,"url":"https:\/\/presbytie-lasik.fr\/wp-content\/uploads\/2024\/07\/Screenshot-2024-07-17-at-12.14.47-1024x554.png","type":"image\/png"}],"twitter_card":"summary_large_image","twitter_site":"@CatiGanem","twitter_misc":{"Estimated reading time":"6 minutes"},"schema":{"@context":"https:\/\/schema.org","@graph":[{"@type":"WebPage","@id":"https:\/\/presbytie-lasik.fr\/en\/typ-suitability-self-test\/","url":"https:\/\/presbytie-lasik.fr\/en\/typ-suitability-self-test\/","name":"TYP: suitability self-test - Catherine Albou-Ganem","isPartOf":{"@id":"https:\/\/presbytie-lasik.fr\/en\/#website"},"datePublished":"2019-10-29T16:06:10+00:00","breadcrumb":{"@id":"https:\/\/presbytie-lasik.fr\/en\/typ-suitability-self-test\/#breadcrumb"},"inLanguage":"en-GB","potentialAction":[{"@type":"ReadAction","target":["https:\/\/presbytie-lasik.fr\/en\/typ-suitability-self-test\/"]}]},{"@type":"BreadcrumbList","@id":"https:\/\/presbytie-lasik.fr\/en\/typ-suitability-self-test\/#breadcrumb","itemListElement":[{"@type":"ListItem","position":1,"name":"Accueil","item":"https:\/\/presbytie-lasik.fr\/en\/"},{"@type":"ListItem","position":2,"name":"TYP: suitability self-test"}]},{"@type":"WebSite","@id":"https:\/\/presbytie-lasik.fr\/en\/#website","url":"https:\/\/presbytie-lasik.fr\/en\/","name":"Catherine Albou-Ganem","description":"Ophthalmologist","publisher":{"@id":"https:\/\/presbytie-lasik.fr\/en\/#organization"},"potentialAction":[{"@type":"SearchAction","target":{"@type":"EntryPoint","urlTemplate":"https:\/\/presbytie-lasik.fr\/en\/?s={search_term_string}"},"query-input":{"@type":"PropertyValueSpecification","valueRequired":true,"valueName":"search_term_string"}}],"inLanguage":"en-GB"},{"@type":"Organization","@id":"https:\/\/presbytie-lasik.fr\/en\/#organization","name":"Dr Catherine Albou-Ganem","url":"https:\/\/presbytie-lasik.fr\/en\/","logo":{"@type":"ImageObject","inLanguage":"en-GB","@id":"https:\/\/presbytie-lasik.fr\/en\/#\/schema\/logo\/image\/","url":"https:\/\/presbytie-lasik.fr\/wp-content\/uploads\/2018\/07\/logoAlbouCouleurPNG-1.png","contentUrl":"https:\/\/presbytie-lasik.fr\/wp-content\/uploads\/2018\/07\/logoAlbouCouleurPNG-1.png","width":400,"height":164,"caption":"Dr Catherine Albou-Ganem"},"image":{"@id":"https:\/\/presbytie-lasik.fr\/en\/#\/schema\/logo\/image\/"},"sameAs":["https:\/\/www.facebook.com\/CatherineAlbouGanem\/","https:\/\/x.com\/CatiGanem"]}]}},"_links":{"self":[{"href":"https:\/\/presbytie-lasik.fr\/en\/wp-json\/wp\/v2\/pages\/7188","targetHints":{"allow":["GET"]}}],"collection":[{"href":"https:\/\/presbytie-lasik.fr\/en\/wp-json\/wp\/v2\/pages"}],"about":[{"href":"https:\/\/presbytie-lasik.fr\/en\/wp-json\/wp\/v2\/types\/page"}],"author":[{"embeddable":true,"href":"https:\/\/presbytie-lasik.fr\/en\/wp-json\/wp\/v2\/users\/1"}],"replies":[{"embeddable":true,"href":"https:\/\/presbytie-lasik.fr\/en\/wp-json\/wp\/v2\/comments?post=7188"}],"version-history":[{"count":0,"href":"https:\/\/presbytie-lasik.fr\/en\/wp-json\/wp\/v2\/pages\/7188\/revisions"}],"wp:attachment":[{"href":"https:\/\/presbytie-lasik.fr\/en\/wp-json\/wp\/v2\/media?parent=7188"}],"curies":[{"name":"wp","href":"https:\/\/api.w.org\/{rel}","templated":true}]}}